{"id":2543,"date":"2022-10-18T07:01:01","date_gmt":"2022-10-18T07:01:01","guid":{"rendered":"http:\/\/mau4.maudep.com.vn\/hoa\/?post_type=product&#038;p=2543"},"modified":"2022-10-18T07:01:01","modified_gmt":"2022-10-18T07:01:01","slug":"hoa-an-duoc","status":"publish","type":"product","link":"https:\/\/hoatuoi1.mauthemewp.com\/?product=hoa-an-duoc","title":{"rendered":"hoa \u0103n \u0111\u01b0\u1ee3c"},"content":{"rendered":"","protected":false},"excerpt":{"rendered":"<ul>\n<li>B\u1edfi \u0111\u00e2y l\u00e0\u00a0s\u1ea3n ph\u1ea9m l\u00e0m th\u1ee7 c\u00f4ng n\u00ean h\u00ecnh \u1ea3nh th\u1ef1c t\u1ebf s\u1ebd c\u00f3 thay \u0111\u1ed5i \u00edt nhi\u1ec1u do c\u1ea3m nh\u1eadn v\u00e0 m\u1ed7i l\u1ea7n c\u1eafm.<\/li>\n<li>T\u1ea1i H\u00e0 N\u1ed9i v\u00e0 S\u00e0i G\u00f2n Hoa s\u1ebd \u0111\u01b0\u1ee3c \u0111\u1ea3m b\u1ea3o v\u1ec1 ch\u1ea5t l\u01b0\u1ee3ng t\u1ed1t nh\u1ea5t.<\/li>\n<li>C\u00e1c th\u00e0nh ph\u1ed1 kh\u00e1c v\u00e0 tuy\u1ebfn huy\u1ec7n ch\u1ec9 \u0111\u1ea1t ch\u1ea5t l\u01b0\u1ee3ng \u1edf m\u1ee9c t\u01b0\u01a1ng \u0111\u1ed1i. N\u1ebfu \u1edf Tuy\u1ebfn huy\u1ec7n th\u00ec hoa ch\u1ec9 \u1edf m\u1ee9c t\u01b0\u01a1ng \u0111\u1ed1i so v\u1edbi m\u1eabu.<\/li>\n<li>T\u1eb7ng thi\u1ec7p ho\u1eb7c b\u0103ng ch\u1eef k\u00e8m theo<\/li>\n<li>C\u00f3 h\u00f3a \u0111\u01a1n \u0111\u1ecf<\/li>\n<\/ul>\n","protected":false},"featured_media":2544,"comment_status":"open","ping_status":"closed","template":"","meta":[],"acf":[],"_links":{"self":[{"href":"https:\/\/hoatuoi1.mauthemewp.com\/index.php?rest_route=\/wp\/v2\/product\/2543"}],"collection":[{"href":"https:\/\/hoatuoi1.mauthemewp.com\/index.php?rest_route=\/wp\/v2\/product"}],"about":[{"href":"https:\/\/hoatuoi1.mauthemewp.com\/index.php?rest_route=\/wp\/v2\/types\/product"}],"replies":[{"embeddable":true,"href":"https:\/\/hoatuoi1.mauthemewp.com\/index.php?rest_route=%2Fwp%2Fv2%2Fcomments&post=2543"}],"wp:featuredmedia":[{"embeddable":true,"href":"https:\/\/hoatuoi1.mauthemewp.com\/index.php?rest_route=\/wp\/v2\/media\/2544"}],"wp:attachment":[{"href":"https:\/\/hoatuoi1.mauthemewp.com\/index.php?rest_route=%2Fwp%2Fv2%2Fmedia&parent=2543"}],"curies":[{"name":"wp","href":"https:\/\/api.w.org\/{rel}","templated":true}]}}